{"id":159,"date":"2023-12-18T02:39:16","date_gmt":"2023-12-18T02:39:16","guid":{"rendered":"https:\/\/servicesenvironnementauxpur.com\/?page_id=159"},"modified":"2025-01-28T02:14:58","modified_gmt":"2025-01-28T02:14:58","slug":"indoor-air-quality-iaq","status":"publish","type":"page","link":"https:\/\/servicesenvironnementauxpur.com\/en\/expertise\/indoor-air-quality-iaq\/","title":{"rendered":"Indoor Air Quality (IAQ)"},"content":{"rendered":"<div data-elementor-type=\"wp-page\" data-elementor-id=\"159\" class=\"elementor elementor-159\" data-elementor-post-type=\"page\">\n\t\t\t\t<div class=\"elementor-element elementor-element-0c7b21f e-con-full e-flex e-con e-parent\" data-id=\"0c7b21f\" data-element_type=\"container\" data-e-type=\"container\" data-settings=\"{&quot;background_background&quot;:&quot;classic&quot;}\">\n\t\t<div class=\"elementor-element elementor-element-c3844a5 e-flex e-con-boxed e-con e-child\" data-id=\"c3844a5\" data-element_type=\"container\" data-e-type=\"container\">\n\t\t\t\t\t<div class=\"e-con-inner\">\n\t\t<div class=\"elementor-element elementor-element-6ae25b4 e-con-full e-flex e-con e-child\" data-id=\"6ae25b4\" data-element_type=\"container\" data-e-type=\"container\" data-settings=\"{&quot;background_background&quot;:&quot;classic&quot;}\">\n\t\t\t\t<div class=\"elementor-element elementor-element-405aa1d elementor-widget elementor-widget-heading\" data-id=\"405aa1d\" data-element_type=\"widget\" data-e-type=\"widget\" data-widget_type=\"heading.default\">\n\t\t\t\t<div class=\"elementor-widget-container\">\n\t\t\t\t\t<h2 class=\"elementor-heading-title elementor-size-default\">Indoor Air Quality (IAQ)<\/h2>\t\t\t\t<\/div>\n\t\t\t\t<\/div>\n\t\t\t\t<\/div>\n\t\t\t\t\t<\/div>\n\t\t\t\t<\/div>\n\t\t\t\t<\/div>\n\t\t<div class=\"elementor-element elementor-element-afd2270 e-flex e-con-boxed e-con e-parent\" data-id=\"afd2270\" data-element_type=\"container\" data-e-type=\"container\">\n\t\t\t\t\t<div class=\"e-con-inner\">\n\t\t<div class=\"elementor-element elementor-element-aa1c009 e-con-full elementor-hidden-mobile e-flex e-con e-child\" data-id=\"aa1c009\" data-element_type=\"container\" data-e-type=\"container\">\n\t\t\t\t<div class=\"elementor-element elementor-element-c3cb758 elementor-hidden-mobile elementor-widget elementor-widget-heading\" data-id=\"c3cb758\" data-element_type=\"widget\" data-e-type=\"widget\" data-widget_type=\"heading.default\">\n\t\t\t\t<div class=\"elementor-widget-container\">\n\t\t\t\t\t<h2 class=\"elementor-heading-title elementor-size-default\">Indoor air quality service<\/h2>\t\t\t\t<\/div>\n\t\t\t\t<\/div>\n\t\t\t\t<div class=\"elementor-element elementor-element-41276c6 elementor-hidden-mobile elementor-widget elementor-widget-text-editor\" data-id=\"41276c6\" data-element_type=\"widget\" data-e-type=\"widget\" data-widget_type=\"text-editor.default\">\n\t\t\t\t<div class=\"elementor-widget-container\">\n\t\t\t\t\t\t\t\t\t<p align=\"justify\">Les experts de <strong>Services Environnementaux PUR<\/strong> vous proposent un test complet comprenant une analyse approfondie r\u00e9alis\u00e9e par un laboratoire ind\u00e9pendant.<br><br> La qualit\u00e9 de l\u2019air int\u00e9rieur est cruciale pour la sant\u00e9 et le bien-\u00eatre, particuli\u00e8rement dans les espaces o\u00f9 nous passons la majorit\u00e9 de notre temps. Notre mission est de r\u00e9duire efficacement les niveaux de polluants, notamment les particules fines, les compos\u00e9s organiques volatils (COV), les moisissures et les allerg\u00e8nes, afin d\u2019assurer un environnement int\u00e9rieur optimal pour tous.<\/p>\t\t\t\t\t\t\t\t<\/div>\n\t\t\t\t<\/div>\n\t\t\t\t<\/div>\n\t\t<div class=\"elementor-element elementor-element-6ffc846 e-con-full e-flex e-con e-child\" data-id=\"6ffc846\" data-element_type=\"container\" data-e-type=\"container\">\n\t\t\t\t<div class=\"elementor-element elementor-element-9bb0638 elementor-widget elementor-widget-heading\" data-id=\"9bb0638\" data-element_type=\"widget\" data-e-type=\"widget\" data-widget_type=\"heading.default\">\n\t\t\t\t<div class=\"elementor-widget-container\">\n\t\t\t\t\t<span class=\"elementor-heading-title elementor-size-default\">\nWe Can Improve The Air We Breathe:<\/span>\t\t\t\t<\/div>\n\t\t\t\t<\/div>\n\t\t\t\t<div class=\"elementor-element elementor-element-3eb4e5c3 elementor-widget elementor-widget-text-editor\" data-id=\"3eb4e5c3\" data-element_type=\"widget\" data-e-type=\"widget\" data-widget_type=\"text-editor.default\">\n\t\t\t\t<div class=\"elementor-widget-container\">\n\t\t\t\t\t\t\t\t\t<p align=\"justify\"><span style=\"text-align: var(--text-align); font-size: 1rem;\">La qualit\u00e9 de l\u2019air int\u00e9rieur (QAI) joue un r\u00f4le essentiel dans notre sant\u00e9 et notre bien-\u00eatre. Avez-vous d\u00e9j\u00e0 eu l\u2019impression que l\u2019air de votre b\u00e2timent \u00e9tait lourd ou \u00e9touffant ? Ressentez-vous des sympt\u00f4mes similaires \u00e0 un rhume, comme une g\u00eane respiratoire ou une fatigue inexpliqu\u00e9e ? Si c\u2019est le cas, il est peut-\u00eatre temps d\u2019\u00e9valuer la qualit\u00e9 de l\u2019air dans votre espace, qu\u2019il soit r\u00e9sidentiel, commercial, industriel ou institutionnel<\/span><span style=\"background-color: transparent; text-align: var(--text-align);\">.<\/span><\/p>\n<p><!-- \/wp:paragraph --><\/p>\t\t\t\t\t\t\t\t<\/div>\n\t\t\t\t<\/div>\n\t\t\t\t<div class=\"elementor-element elementor-element-89f38b5 elementor-widget elementor-widget-image\" data-id=\"89f38b5\" data-element_type=\"widget\" data-e-type=\"widget\" data-widget_type=\"image.default\">\n\t\t\t\t<div class=\"elementor-widget-container\">\n\t\t\t\t\t\t\t\t\t\t\t\t\t\t\t<img decoding=\"async\" src=\"https:\/\/servicesenvironnementauxpur.com\/wp-content\/uploads\/elementor\/thumbs\/Indoor-Air-Quality-testing-qkduytgvv06mqb3h34z10365ku917vxpda6tfp32rc.jpg\" title=\"Indoor-Air-Quality-testing\" alt=\"interior air quality monitoring\" loading=\"lazy\" \/>\t\t\t\t\t\t\t\t\t\t\t\t\t\t\t<\/div>\n\t\t\t\t<\/div>\n\t\t\t\t<div class=\"elementor-element elementor-element-d72e248 elementor-widget elementor-widget-heading\" data-id=\"d72e248\" data-element_type=\"widget\" data-e-type=\"widget\" data-widget_type=\"heading.default\">\n\t\t\t\t<div class=\"elementor-widget-container\">\n\t\t\t\t\t<span class=\"elementor-heading-title elementor-size-default\">Le personnel sp\u00e9cialis\u00e9 et qualifi\u00e9 de Service Environnementaux PUR  offre une approche sur mesure qui comprend :\n\n<\/span>\t\t\t\t<\/div>\n\t\t\t\t<\/div>\n\t\t\t\t<div class=\"elementor-element elementor-element-62ff159 elementor-icon-list--layout-traditional elementor-list-item-link-full_width elementor-widget elementor-widget-icon-list\" data-id=\"62ff159\" data-element_type=\"widget\" data-e-type=\"widget\" data-widget_type=\"icon-list.default\">\n\t\t\t\t<div class=\"elementor-widget-container\">\n\t\t\t\t\t\t\t<ul class=\"elementor-icon-list-items\">\n\t\t\t\t\t\t\t<li class=\"elementor-icon-list-item\">\n\t\t\t\t\t\t\t\t\t\t\t<span class=\"elementor-icon-list-icon\">\n\t\t\t\t\t\t\t<svg aria-hidden=\"true\" class=\"e-font-icon-svg e-fas-leaf\" viewbox=\"0 0 576 512\" xmlns=\"http:\/\/www.w3.org\/2000\/svg\"><path d=\"M546.2 9.7c-5.6-12.5-21.6-13-28.3-1.2C486.9 62.4 431.4 96 368 96h-80C182 96 96 182 96 288c0 7 .8 13.7 1.5 20.5C161.3 262.8 253.4 224 384 224c8.8 0 16 7.2 16 16s-7.2 16-16 16C132.6 256 26 410.1 2.4 468c-6.6 16.3 1.2 34.9 17.5 41.6 16.4 6.8 35-1.1 41.8-17.3 1.5-3.6 20.9-47.9 71.9-90.6 32.4 43.9 94 85.8 174.9 77.2C465.5 467.5 576 326.7 576 154.3c0-50.2-10.8-102.2-29.8-144.6z\"><\/path><\/svg>\t\t\t\t\t\t<\/span>\n\t\t\t\t\t\t\t\t\t\t<span class=\"elementor-icon-list-text\"><b>Collecte d\u2019informations<\/b><br>Analyse de l\u2019historique, des sympt\u00f4mes ou probl\u00e8mes d\u00e9clar\u00e9s, et description des activit\u00e9s du site.<\/span>\n\t\t\t\t\t\t\t\t\t<\/li>\n\t\t\t\t\t\t\t\t<li class=\"elementor-icon-list-item\">\n\t\t\t\t\t\t\t\t\t\t\t<span class=\"elementor-icon-list-icon\">\n\t\t\t\t\t\t\t<svg aria-hidden=\"true\" class=\"e-font-icon-svg e-fas-leaf\" viewbox=\"0 0 576 512\" xmlns=\"http:\/\/www.w3.org\/2000\/svg\"><path d=\"M546.2 9.7c-5.6-12.5-21.6-13-28.3-1.2C486.9 62.4 431.4 96 368 96h-80C182 96 96 182 96 288c0 7 .8 13.7 1.5 20.5C161.3 262.8 253.4 224 384 224c8.8 0 16 7.2 16 16s-7.2 16-16 16C132.6 256 26 410.1 2.4 468c-6.6 16.3 1.2 34.9 17.5 41.6 16.4 6.8 35-1.1 41.8-17.3 1.5-3.6 20.9-47.9 71.9-90.6 32.4 43.9 94 85.8 174.9 77.2C465.5 467.5 576 326.7 576 154.3c0-50.2-10.8-102.2-29.8-144.6z\"><\/path><\/svg>\t\t\t\t\t\t<\/span>\n\t\t\t\t\t\t\t\t\t\t<span class=\"elementor-icon-list-text\"><b>Observations sur place<\/b><br>Inspection visuelle approfondie pour \u00e9valuer les conditions environnementales.<\/span>\n\t\t\t\t\t\t\t\t\t<\/li>\n\t\t\t\t\t\t\t\t<li class=\"elementor-icon-list-item\">\n\t\t\t\t\t\t\t\t\t\t\t<span class=\"elementor-icon-list-icon\">\n\t\t\t\t\t\t\t<svg aria-hidden=\"true\" class=\"e-font-icon-svg e-fas-leaf\" viewbox=\"0 0 576 512\" xmlns=\"http:\/\/www.w3.org\/2000\/svg\"><path d=\"M546.2 9.7c-5.6-12.5-21.6-13-28.3-1.2C486.9 62.4 431.4 96 368 96h-80C182 96 96 182 96 288c0 7 .8 13.7 1.5 20.5C161.3 262.8 253.4 224 384 224c8.8 0 16 7.2 16 16s-7.2 16-16 16C132.6 256 26 410.1 2.4 468c-6.6 16.3 1.2 34.9 17.5 41.6 16.4 6.8 35-1.1 41.8-17.3 1.5-3.6 20.9-47.9 71.9-90.6 32.4 43.9 94 85.8 174.9 77.2C465.5 467.5 576 326.7 576 154.3c0-50.2-10.8-102.2-29.8-144.6z\"><\/path><\/svg>\t\t\t\t\t\t<\/span>\n\t\t\t\t\t\t\t\t\t\t<span class=\"elementor-icon-list-text\"><b> Mesures de base<\/b><br>\u00c9valuation de la temp\u00e9rature, de l\u2019humidit\u00e9 relative et de la concentration de CO\u2082.<\/span>\n\t\t\t\t\t\t\t\t\t<\/li>\n\t\t\t\t\t\t\t\t<li class=\"elementor-icon-list-item\">\n\t\t\t\t\t\t\t\t\t\t\t<span class=\"elementor-icon-list-icon\">\n\t\t\t\t\t\t\t<svg aria-hidden=\"true\" class=\"e-font-icon-svg e-fas-leaf\" viewbox=\"0 0 576 512\" xmlns=\"http:\/\/www.w3.org\/2000\/svg\"><path d=\"M546.2 9.7c-5.6-12.5-21.6-13-28.3-1.2C486.9 62.4 431.4 96 368 96h-80C182 96 96 182 96 288c0 7 .8 13.7 1.5 20.5C161.3 262.8 253.4 224 384 224c8.8 0 16 7.2 16 16s-7.2 16-16 16C132.6 256 26 410.1 2.4 468c-6.6 16.3 1.2 34.9 17.5 41.6 16.4 6.8 35-1.1 41.8-17.3 1.5-3.6 20.9-47.9 71.9-90.6 32.4 43.9 94 85.8 174.9 77.2C465.5 467.5 576 326.7 576 154.3c0-50.2-10.8-102.2-29.8-144.6z\"><\/path><\/svg>\t\t\t\t\t\t<\/span>\n\t\t\t\t\t\t\t\t\t\t<span class=\"elementor-icon-list-text\"><b>Analyses cibl\u00e9es<\/b><br>D\u00e9tection de contaminants sp\u00e9cifiques comme les moisissures, les compos\u00e9s organiques volatils (COV) et les particules fines, selon le contexte.<\/span>\n\t\t\t\t\t\t\t\t\t<\/li>\n\t\t\t\t\t\t\t\t<li class=\"elementor-icon-list-item\">\n\t\t\t\t\t\t\t\t\t\t\t<span class=\"elementor-icon-list-icon\">\n\t\t\t\t\t\t\t<svg aria-hidden=\"true\" class=\"e-font-icon-svg e-fas-leaf\" viewbox=\"0 0 576 512\" xmlns=\"http:\/\/www.w3.org\/2000\/svg\"><path d=\"M546.2 9.7c-5.6-12.5-21.6-13-28.3-1.2C486.9 62.4 431.4 96 368 96h-80C182 96 96 182 96 288c0 7 .8 13.7 1.5 20.5C161.3 262.8 253.4 224 384 224c8.8 0 16 7.2 16 16s-7.2 16-16 16C132.6 256 26 410.1 2.4 468c-6.6 16.3 1.2 34.9 17.5 41.6 16.4 6.8 35-1.1 41.8-17.3 1.5-3.6 20.9-47.9 71.9-90.6 32.4 43.9 94 85.8 174.9 77.2C465.5 467.5 576 326.7 576 154.3c0-50.2-10.8-102.2-29.8-144.6z\"><\/path><\/svg>\t\t\t\t\t\t<\/span>\n\t\t\t\t\t\t\t\t\t\t<span class=\"elementor-icon-list-text\"><b>Rapport complet <\/b><br>Un document clair et d\u00e9taill\u00e9 avec des recommandations pratiques.<\/span>\n\t\t\t\t\t\t\t\t\t<\/li>\n\t\t\t\t\t\t\t\t<li class=\"elementor-icon-list-item\">\n\t\t\t\t\t\t\t\t\t\t\t<span class=\"elementor-icon-list-icon\">\n\t\t\t\t\t\t\t<svg aria-hidden=\"true\" class=\"e-font-icon-svg e-fas-leaf\" viewbox=\"0 0 576 512\" xmlns=\"http:\/\/www.w3.org\/2000\/svg\"><path d=\"M546.2 9.7c-5.6-12.5-21.6-13-28.3-1.2C486.9 62.4 431.4 96 368 96h-80C182 96 96 182 96 288c0 7 .8 13.7 1.5 20.5C161.3 262.8 253.4 224 384 224c8.8 0 16 7.2 16 16s-7.2 16-16 16C132.6 256 26 410.1 2.4 468c-6.6 16.3 1.2 34.9 17.5 41.6 16.4 6.8 35-1.1 41.8-17.3 1.5-3.6 20.9-47.9 71.9-90.6 32.4 43.9 94 85.8 174.9 77.2C465.5 467.5 576 326.7 576 154.3c0-50.2-10.8-102.2-29.8-144.6z\"><\/path><\/svg>\t\t\t\t\t\t<\/span>\n\t\t\t\t\t\t\t\t\t\t<span class=\"elementor-icon-list-text\"><b>Plan d\u2019action <\/b><br>\u00c9laboration d\u2019une proc\u00e9dure de travail ou d\u2019un devis technique pour les mesures correctives n\u00e9cessaires.<\/span>\n\t\t\t\t\t\t\t\t\t<\/li>\n\t\t\t\t\t\t\t\t<li class=\"elementor-icon-list-item\">\n\t\t\t\t\t\t\t\t\t\t\t<span class=\"elementor-icon-list-icon\">\n\t\t\t\t\t\t\t<svg aria-hidden=\"true\" class=\"e-font-icon-svg e-fas-leaf\" viewbox=\"0 0 576 512\" xmlns=\"http:\/\/www.w3.org\/2000\/svg\"><path d=\"M546.2 9.7c-5.6-12.5-21.6-13-28.3-1.2C486.9 62.4 431.4 96 368 96h-80C182 96 96 182 96 288c0 7 .8 13.7 1.5 20.5C161.3 262.8 253.4 224 384 224c8.8 0 16 7.2 16 16s-7.2 16-16 16C132.6 256 26 410.1 2.4 468c-6.6 16.3 1.2 34.9 17.5 41.6 16.4 6.8 35-1.1 41.8-17.3 1.5-3.6 20.9-47.9 71.9-90.6 32.4 43.9 94 85.8 174.9 77.2C465.5 467.5 576 326.7 576 154.3c0-50.2-10.8-102.2-29.8-144.6z\"><\/path><\/svg>\t\t\t\t\t\t<\/span>\n\t\t\t\t\t\t\t\t\t\t<span class=\"elementor-icon-list-text\"><b>Services CVAC<\/b><br>Gestion de la salubrit\u00e9 des syst\u00e8mes de chauffage, ventilation et climatisation pour un environnement sain et performant.<\/span>\n\t\t\t\t\t\t\t\t\t<\/li>\n\t\t\t\t\t\t<\/ul>\n\t\t\t\t\t\t<\/div>\n\t\t\t\t<\/div>\n\t\t\t\t<\/div>\n\t\t\t\t\t<\/div>\n\t\t\t\t<\/div>\n\t\t<div class=\"elementor-element elementor-element-60025b92 e-flex e-con-boxed e-con e-parent\" data-id=\"60025b92\" data-element_type=\"container\" data-e-type=\"container\">\n\t\t\t\t\t<div class=\"e-con-inner\">\n\t\t\t\t\t<\/div>\n\t\t\t\t<\/div>\n\t\t\t\t<\/div>","protected":false},"excerpt":{"rendered":"<p>Service de qualit\u00e9 de l&rsquo;air int\u00e9rieur Les experts de Services Environnementaux PUR vous proposent un test complet comprenant une analyse approfondie r\u00e9alis\u00e9e par un laboratoire ind\u00e9pendant. La qualit\u00e9 de l\u2019air int\u00e9rieur est cruciale pour la sant\u00e9 et le bien-\u00eatre, particuli\u00e8rement dans les espaces o\u00f9 nous passons la majorit\u00e9 de notre temps. Notre mission est de [&hellip;]<\/p>","protected":false},"author":2,"featured_media":607,"parent":52,"menu_order":1,"comment_status":"closed","ping_status":"closed","template":"elementor_header_footer","meta":{"_coblocks_attr":"","_coblocks_dimensions":"","_coblocks_responsive_height":"","_coblocks_accordion_ie_support":"","_joinchat":[],"footnotes":""},"class_list":["post-159","page","type-page","status-publish","has-post-thumbnail","hentry"],"yoast_head":"<!-- This site is optimized with the Yoast SEO plugin v27.4 - https:\/\/yoast.com\/product\/yoast-seo-wordpress\/ -->\n<title>Qualit\u00e9 de l&#039;air int\u00e9rieur (QAI) - Services Environnementaux PUR<\/title>\n<meta name=\"robots\" content=\"index, follow, max-snippet:-1, max-image-preview:large, max-video-preview:-1\" \/>\n<link rel=\"canonical\" href=\"https:\/\/servicesenvironnementauxpur.com\/en\/expertise\/indoor-air-quality-iaq\/\" \/>\n<meta property=\"og:locale\" content=\"en_US\" \/>\n<meta property=\"og:type\" content=\"article\" \/>\n<meta property=\"og:title\" content=\"Qualit\u00e9 de l&#039;air int\u00e9rieur (QAI) - Services Environnementaux PUR\" \/>\n<meta property=\"og:description\" content=\"Service de qualit\u00e9 de l&rsquo;air int\u00e9rieur Les experts de Services Environnementaux PUR vous proposent un test complet comprenant une analyse approfondie r\u00e9alis\u00e9e par un laboratoire ind\u00e9pendant. La qualit\u00e9 de l\u2019air int\u00e9rieur est cruciale pour la sant\u00e9 et le bien-\u00eatre, particuli\u00e8rement dans les espaces o\u00f9 nous passons la majorit\u00e9 de notre temps. Notre mission est de [&hellip;]\" \/>\n<meta property=\"og:url\" content=\"https:\/\/servicesenvironnementauxpur.com\/en\/expertise\/indoor-air-quality-iaq\/\" \/>\n<meta property=\"og:site_name\" content=\"Services Environnementaux PUR\" \/>\n<meta property=\"article:modified_time\" content=\"2025-01-28T02:14:58+00:00\" \/>\n<meta property=\"og:image\" content=\"https:\/\/servicesenvironnementauxpur.com\/wp-content\/uploads\/2024\/02\/indoor-air-quality-2-scaled.jpg\" \/>\n\t<meta property=\"og:image:width\" content=\"2560\" \/>\n\t<meta property=\"og:image:height\" content=\"1709\" \/>\n\t<meta property=\"og:image:type\" content=\"image\/jpeg\" \/>\n<meta name=\"twitter:card\" content=\"summary_large_image\" \/>\n<meta name=\"twitter:label1\" content=\"Est. reading time\" \/>\n\t<meta name=\"twitter:data1\" content=\"2 minutes\" \/>\n<script type=\"application\/ld+json\" class=\"yoast-schema-graph\">{\"@context\":\"https:\\\/\\\/schema.org\",\"@graph\":[{\"@type\":\"WebPage\",\"@id\":\"https:\\\/\\\/servicesenvironnementauxpur.com\\\/expertise\\\/indoor-air-quality-iaq\\\/\",\"url\":\"https:\\\/\\\/servicesenvironnementauxpur.com\\\/expertise\\\/indoor-air-quality-iaq\\\/\",\"name\":\"Qualit\u00e9 de l'air int\u00e9rieur (QAI) - Services Environnementaux PUR\",\"isPartOf\":{\"@id\":\"https:\\\/\\\/servicesenvironnementauxpur.com\\\/#website\"},\"primaryImageOfPage\":{\"@id\":\"https:\\\/\\\/servicesenvironnementauxpur.com\\\/expertise\\\/indoor-air-quality-iaq\\\/#primaryimage\"},\"image\":{\"@id\":\"https:\\\/\\\/servicesenvironnementauxpur.com\\\/expertise\\\/indoor-air-quality-iaq\\\/#primaryimage\"},\"thumbnailUrl\":\"https:\\\/\\\/servicesenvironnementauxpur.com\\\/wp-content\\\/uploads\\\/2024\\\/02\\\/indoor-air-quality-2-scaled.jpg\",\"datePublished\":\"2023-12-18T02:39:16+00:00\",\"dateModified\":\"2025-01-28T02:14:58+00:00\",\"breadcrumb\":{\"@id\":\"https:\\\/\\\/servicesenvironnementauxpur.com\\\/expertise\\\/indoor-air-quality-iaq\\\/#breadcrumb\"},\"inLanguage\":\"en-CA\",\"potentialAction\":[{\"@type\":\"ReadAction\",\"target\":[\"https:\\\/\\\/servicesenvironnementauxpur.com\\\/expertise\\\/indoor-air-quality-iaq\\\/\"]}]},{\"@type\":\"ImageObject\",\"inLanguage\":\"en-CA\",\"@id\":\"https:\\\/\\\/servicesenvironnementauxpur.com\\\/expertise\\\/indoor-air-quality-iaq\\\/#primaryimage\",\"url\":\"https:\\\/\\\/servicesenvironnementauxpur.com\\\/wp-content\\\/uploads\\\/2024\\\/02\\\/indoor-air-quality-2-scaled.jpg\",\"contentUrl\":\"https:\\\/\\\/servicesenvironnementauxpur.com\\\/wp-content\\\/uploads\\\/2024\\\/02\\\/indoor-air-quality-2-scaled.jpg\",\"width\":2560,\"height\":1709,\"caption\":\"Portrait of nice attractive cheerful family wearing casual white t-shirts, jeans sitting on carpet floor holding in hand roof investment at industrial loft style interior living-room cozy comfort\"},{\"@type\":\"BreadcrumbList\",\"@id\":\"https:\\\/\\\/servicesenvironnementauxpur.com\\\/expertise\\\/indoor-air-quality-iaq\\\/#breadcrumb\",\"itemListElement\":[{\"@type\":\"ListItem\",\"position\":1,\"name\":\"Accueil\",\"item\":\"https:\\\/\\\/servicesenvironnementauxpur.com\\\/\"},{\"@type\":\"ListItem\",\"position\":2,\"name\":\"Our Expertise\",\"item\":\"https:\\\/\\\/servicesenvironnementauxpur.com\\\/en\\\/expertise\\\/\"},{\"@type\":\"ListItem\",\"position\":3,\"name\":\"Qualit\u00e9 de l&rsquo;air int\u00e9rieur (QAI)\"}]},{\"@type\":\"WebSite\",\"@id\":\"https:\\\/\\\/servicesenvironnementauxpur.com\\\/#website\",\"url\":\"https:\\\/\\\/servicesenvironnementauxpur.com\\\/\",\"name\":\"Services Environnementaux PUR\",\"description\":\"\",\"publisher\":{\"@id\":\"https:\\\/\\\/servicesenvironnementauxpur.com\\\/#organization\"},\"potentialAction\":[{\"@type\":\"SearchAction\",\"target\":{\"@type\":\"EntryPoint\",\"urlTemplate\":\"https:\\\/\\\/servicesenvironnementauxpur.com\\\/?s={search_term_string}\"},\"query-input\":{\"@type\":\"PropertyValueSpecification\",\"valueRequired\":true,\"valueName\":\"search_term_string\"}}],\"inLanguage\":\"en-CA\"},{\"@type\":\"Organization\",\"@id\":\"https:\\\/\\\/servicesenvironnementauxpur.com\\\/#organization\",\"name\":\"Services Environnementaux PUR\",\"url\":\"https:\\\/\\\/servicesenvironnementauxpur.com\\\/\",\"logo\":{\"@type\":\"ImageObject\",\"inLanguage\":\"en-CA\",\"@id\":\"https:\\\/\\\/servicesenvironnementauxpur.com\\\/#\\\/schema\\\/logo\\\/image\\\/\",\"url\":\"https:\\\/\\\/servicesenvironnementauxpur.com\\\/wp-content\\\/uploads\\\/2023\\\/12\\\/HighResolutionTransparentBG_PNG-1-e1702699853208.png\",\"contentUrl\":\"https:\\\/\\\/servicesenvironnementauxpur.com\\\/wp-content\\\/uploads\\\/2023\\\/12\\\/HighResolutionTransparentBG_PNG-1-e1702699853208.png\",\"width\":1662,\"height\":457,\"caption\":\"Services Environnementaux PUR\"},\"image\":{\"@id\":\"https:\\\/\\\/servicesenvironnementauxpur.com\\\/#\\\/schema\\\/logo\\\/image\\\/\"}}]}<\/script>\n<!-- \/ Yoast SEO plugin. -->","yoast_head_json":{"title":"Qualit\u00e9 de l'air int\u00e9rieur (QAI) - Services Environnementaux PUR","robots":{"index":"index","follow":"follow","max-snippet":"max-snippet:-1","max-image-preview":"max-image-preview:large","max-video-preview":"max-video-preview:-1"},"canonical":"https:\/\/servicesenvironnementauxpur.com\/en\/expertise\/indoor-air-quality-iaq\/","og_locale":"en_US","og_type":"article","og_title":"Qualit\u00e9 de l'air int\u00e9rieur (QAI) - Services Environnementaux PUR","og_description":"Service de qualit\u00e9 de l&rsquo;air int\u00e9rieur Les experts de Services Environnementaux PUR vous proposent un test complet comprenant une analyse approfondie r\u00e9alis\u00e9e par un laboratoire ind\u00e9pendant. La qualit\u00e9 de l\u2019air int\u00e9rieur est cruciale pour la sant\u00e9 et le bien-\u00eatre, particuli\u00e8rement dans les espaces o\u00f9 nous passons la majorit\u00e9 de notre temps. Notre mission est de [&hellip;]","og_url":"https:\/\/servicesenvironnementauxpur.com\/en\/expertise\/indoor-air-quality-iaq\/","og_site_name":"Services Environnementaux PUR","article_modified_time":"2025-01-28T02:14:58+00:00","og_image":[{"width":2560,"height":1709,"url":"https:\/\/servicesenvironnementauxpur.com\/wp-content\/uploads\/2024\/02\/indoor-air-quality-2-scaled.jpg","type":"image\/jpeg"}],"twitter_card":"summary_large_image","twitter_misc":{"Est. reading time":"2 minutes"},"schema":{"@context":"https:\/\/schema.org","@graph":[{"@type":"WebPage","@id":"https:\/\/servicesenvironnementauxpur.com\/expertise\/indoor-air-quality-iaq\/","url":"https:\/\/servicesenvironnementauxpur.com\/expertise\/indoor-air-quality-iaq\/","name":"Qualit\u00e9 de l'air int\u00e9rieur (QAI) - Services Environnementaux PUR","isPartOf":{"@id":"https:\/\/servicesenvironnementauxpur.com\/#website"},"primaryImageOfPage":{"@id":"https:\/\/servicesenvironnementauxpur.com\/expertise\/indoor-air-quality-iaq\/#primaryimage"},"image":{"@id":"https:\/\/servicesenvironnementauxpur.com\/expertise\/indoor-air-quality-iaq\/#primaryimage"},"thumbnailUrl":"https:\/\/servicesenvironnementauxpur.com\/wp-content\/uploads\/2024\/02\/indoor-air-quality-2-scaled.jpg","datePublished":"2023-12-18T02:39:16+00:00","dateModified":"2025-01-28T02:14:58+00:00","breadcrumb":{"@id":"https:\/\/servicesenvironnementauxpur.com\/expertise\/indoor-air-quality-iaq\/#breadcrumb"},"inLanguage":"en-CA","potentialAction":[{"@type":"ReadAction","target":["https:\/\/servicesenvironnementauxpur.com\/expertise\/indoor-air-quality-iaq\/"]}]},{"@type":"ImageObject","inLanguage":"en-CA","@id":"https:\/\/servicesenvironnementauxpur.com\/expertise\/indoor-air-quality-iaq\/#primaryimage","url":"https:\/\/servicesenvironnementauxpur.com\/wp-content\/uploads\/2024\/02\/indoor-air-quality-2-scaled.jpg","contentUrl":"https:\/\/servicesenvironnementauxpur.com\/wp-content\/uploads\/2024\/02\/indoor-air-quality-2-scaled.jpg","width":2560,"height":1709,"caption":"Portrait of nice attractive cheerful family wearing casual white t-shirts, jeans sitting on carpet floor holding in hand roof investment at industrial loft style interior living-room cozy comfort"},{"@type":"BreadcrumbList","@id":"https:\/\/servicesenvironnementauxpur.com\/expertise\/indoor-air-quality-iaq\/#breadcrumb","itemListElement":[{"@type":"ListItem","position":1,"name":"Accueil","item":"https:\/\/servicesenvironnementauxpur.com\/"},{"@type":"ListItem","position":2,"name":"Our Expertise","item":"https:\/\/servicesenvironnementauxpur.com\/en\/expertise\/"},{"@type":"ListItem","position":3,"name":"Qualit\u00e9 de l&rsquo;air int\u00e9rieur (QAI)"}]},{"@type":"WebSite","@id":"https:\/\/servicesenvironnementauxpur.com\/#website","url":"https:\/\/servicesenvironnementauxpur.com\/","name":"Services Environnementaux PUR","description":"","publisher":{"@id":"https:\/\/servicesenvironnementauxpur.com\/#organization"},"potentialAction":[{"@type":"SearchAction","target":{"@type":"EntryPoint","urlTemplate":"https:\/\/servicesenvironnementauxpur.com\/?s={search_term_string}"},"query-input":{"@type":"PropertyValueSpecification","valueRequired":true,"valueName":"search_term_string"}}],"inLanguage":"en-CA"},{"@type":"Organization","@id":"https:\/\/servicesenvironnementauxpur.com\/#organization","name":"Services Environnementaux PUR","url":"https:\/\/servicesenvironnementauxpur.com\/","logo":{"@type":"ImageObject","inLanguage":"en-CA","@id":"https:\/\/servicesenvironnementauxpur.com\/#\/schema\/logo\/image\/","url":"https:\/\/servicesenvironnementauxpur.com\/wp-content\/uploads\/2023\/12\/HighResolutionTransparentBG_PNG-1-e1702699853208.png","contentUrl":"https:\/\/servicesenvironnementauxpur.com\/wp-content\/uploads\/2023\/12\/HighResolutionTransparentBG_PNG-1-e1702699853208.png","width":1662,"height":457,"caption":"Services Environnementaux PUR"},"image":{"@id":"https:\/\/servicesenvironnementauxpur.com\/#\/schema\/logo\/image\/"}}]}},"_links":{"self":[{"href":"https:\/\/servicesenvironnementauxpur.com\/en\/wp-json\/wp\/v2\/pages\/159","targetHints":{"allow":["GET"]}}],"collection":[{"href":"https:\/\/servicesenvironnementauxpur.com\/en\/wp-json\/wp\/v2\/pages"}],"about":[{"href":"https:\/\/servicesenvironnementauxpur.com\/en\/wp-json\/wp\/v2\/types\/page"}],"author":[{"embeddable":true,"href":"https:\/\/servicesenvironnementauxpur.com\/en\/wp-json\/wp\/v2\/users\/2"}],"replies":[{"embeddable":true,"href":"https:\/\/servicesenvironnementauxpur.com\/en\/wp-json\/wp\/v2\/comments?post=159"}],"version-history":[{"count":43,"href":"https:\/\/servicesenvironnementauxpur.com\/en\/wp-json\/wp\/v2\/pages\/159\/revisions"}],"predecessor-version":[{"id":956,"href":"https:\/\/servicesenvironnementauxpur.com\/en\/wp-json\/wp\/v2\/pages\/159\/revisions\/956"}],"up":[{"embeddable":true,"href":"https:\/\/servicesenvironnementauxpur.com\/en\/wp-json\/wp\/v2\/pages\/52"}],"wp:featuredmedia":[{"embeddable":true,"href":"https:\/\/servicesenvironnementauxpur.com\/en\/wp-json\/wp\/v2\/media\/607"}],"wp:attachment":[{"href":"https:\/\/servicesenvironnementauxpur.com\/en\/wp-json\/wp\/v2\/media?parent=159"}],"curies":[{"name":"wp","href":"https:\/\/api.w.org\/{rel}","templated":true}]}}